{"id":655,"date":"2025-10-26T13:32:40","date_gmt":"2025-10-26T13:32:40","guid":{"rendered":"https:\/\/www.bridgepointtranslations.com\/?page_id=655"},"modified":"2025-11-09T17:49:25","modified_gmt":"2025-11-09T17:49:25","slug":"bienvenido-es","status":"publish","type":"page","link":"https:\/\/www.bridgepointtranslations.com\/?page_id=655","title":{"rendered":"Bienvenido a Bridgepoint"},"content":{"rendered":"\n<section class=\"wp-block-group alignfull is-style-default is-layout-flow wp-block-group-is-layout-flow\" style=\"margin-top:0;margin-bottom:0;padding-top:0;padding-bottom:0\">\n<p class=\"has-text-align-center is-style-text-subtitle is-style-text-subtitle--1 wp-block-paragraph\">Traducci\u00f3n de documentos en ingl\u00e9s, espa\u00f1ol y alem\u00e1n<\/p>\n\n\n\n<hr class=\"wp-block-separator has-alpha-channel-opacity\"\/>\n\n\n\n<div style=\"height:42px\" aria-hidden=\"true\" class=\"wp-block-spacer\"><\/div>\n\n\n\n<figure class=\"wp-block-image aligncenter size-large is-resized\"><img loading=\"lazy\" decoding=\"async\" width=\"1024\" height=\"350\" src=\"https:\/\/www.bridgepointtranslations.com\/wp-content\/uploads\/2025\/09\/ban1-1024x350.png\" alt=\"\" class=\"wp-image-314\" style=\"aspect-ratio:2.9258002589401313;width:1115px;height:auto\" srcset=\"https:\/\/www.bridgepointtranslations.com\/wp-content\/uploads\/2025\/09\/ban1-1024x350.png 1024w, https:\/\/www.bridgepointtranslations.com\/wp-content\/uploads\/2025\/09\/ban1-300x102.png 300w, https:\/\/www.bridgepointtranslations.com\/wp-content\/uploads\/2025\/09\/ban1-768x262.png 768w, https:\/\/www.bridgepointtranslations.com\/wp-content\/uploads\/2025\/09\/ban1.png 1408w\" sizes=\"auto, (max-width: 1024px) 100vw, 1024px\" \/><\/figure>\n<\/section>\n\n\n\n<section class=\"wp-block-group alignfull is-style-default has-global-padding is-layout-constrained wp-block-group-is-layout-constrained\" style=\"margin-top:0;margin-bottom:0;padding-top:var(--wp--preset--spacing--120);padding-bottom:var(--wp--preset--spacing--120)\">\n<div class=\"wp-block-group alignwide has-c-50-background-color has-background is-layout-flow wp-container-core-group-is-layout-2e522a6f wp-block-group-is-layout-flow\">\n<div class=\"wp-block-group is-layout-flow wp-block-group-is-layout-flow\">\n<div style=\"height:43px\" aria-hidden=\"true\" class=\"wp-block-spacer\"><\/div>\n\n\n\n<p class=\"has-text-align-center wp-block-paragraph\">Bridgepoint Translations \u2013 tu puente entre idiomas para todas tus necesidades de traducci\u00f3n de documentos legales, m\u00e9dicos y fiscales.<\/p>\n\n\n\n<div class=\"wp-block-columns is-layout-flex wp-container-core-columns-is-layout-10853416 wp-block-columns-is-layout-flex\">\n<div class=\"wp-block-column is-layout-flow wp-block-column-is-layout-flow\">\n<h2 class=\"wp-block-heading has-text-align-center is-style-text-title-2 is-style-text-subtitle is-style-text-subtitle--2\" style=\"margin-right:var(--wp--preset--spacing--30);margin-left:var(--wp--preset--spacing--30)\">Descubre nuestros servicios para una traducci\u00f3n de documentos f\u00e1cil y segura.<\/h2>\n\n\n\n<div style=\"height:11px\" aria-hidden=\"true\" class=\"wp-block-spacer\"><\/div>\n<\/div>\n<\/div>\n<\/div>\n<\/div>\n<\/section>\n\n\n\n<section class=\"wp-block-group alignwide is-style-default has-global-padding is-layout-constrained wp-block-group-is-layout-constrained\" style=\"margin-top:0;margin-bottom:0;padding-top:var(--wp--preset--spacing--120);padding-bottom:var(--wp--preset--spacing--120)\">\n<figure class=\"wp-block-image alignright size-full is-resized\"><img loading=\"lazy\" decoding=\"async\" width=\"537\" height=\"358\" src=\"https:\/\/www.bridgepointtranslations.com\/wp-content\/uploads\/2025\/09\/Copilot_20250901_215653.png\" alt=\"\" class=\"wp-image-221\" style=\"aspect-ratio:1.500021823578194;width:380px;height:auto\" srcset=\"https:\/\/www.bridgepointtranslations.com\/wp-content\/uploads\/2025\/09\/Copilot_20250901_215653.png 537w, https:\/\/www.bridgepointtranslations.com\/wp-content\/uploads\/2025\/09\/Copilot_20250901_215653-300x200.png 300w\" sizes=\"auto, (max-width: 537px) 100vw, 537px\" \/><\/figure>\n\n\n\n<h3 class=\"wp-block-heading has-text-align-left\"><strong>Ofrecemos:<\/strong><\/h3>\n\n\n\n<p class=\"wp-block-paragraph\"><\/p>\n<\/section>\n\n\n\n<section class=\"wp-block-group alignwide is-style-default has-global-padding is-layout-constrained wp-block-group-is-layout-constrained\" style=\"margin-top:0;margin-bottom:0;padding-top:var(--wp--preset--spacing--120);padding-bottom:var(--wp--preset--spacing--120)\">\n<div class=\"wp-block-group alignwide is-nowrap is-layout-flex wp-container-core-group-is-layout-3a88641f wp-block-group-is-layout-flex\">\n<figure class=\"wp-block-image size-full\"><img loading=\"lazy\" decoding=\"async\" width=\"18\" height=\"20\" src=\"https:\/\/www.bridgepointtranslations.com\/wp-content\/uploads\/2025\/09\/red-ed.png\" alt=\"\" class=\"wp-image-233\"\/><\/figure>\n\n\n\n<p class=\"wp-block-paragraph\">Presupuestos gratuitos y sin compromiso \u2013 para solicitar un presupuesto, haz clic <a href=\"https:\/\/www.bridgepointtranslations.com\/?page_id=449\" data-type=\"page\" data-id=\"449\">aqu\u00ed<\/a><\/p>\n<\/div>\n\n\n\n<div class=\"wp-block-group alignwide is-nowrap is-layout-flex wp-container-core-group-is-layout-40af6500 wp-block-group-is-layout-flex\">\n<figure class=\"wp-block-image size-full\"><img loading=\"lazy\" decoding=\"async\" width=\"18\" height=\"20\" src=\"https:\/\/www.bridgepointtranslations.com\/wp-content\/uploads\/2025\/09\/red-ed.png\" alt=\"\" class=\"wp-image-233\"\/><\/figure>\n\n\n\n<p class=\"wp-block-paragraph\">Traducci\u00f3n de muestra gratuita \u2013 haz clic <a href=\"https:\/\/www.bridgepointtranslations.com\/?page_id=449\" data-type=\"page\" data-id=\"449\">aqu\u00ed <\/a><\/p>\n<\/div>\n\n\n\n<div class=\"wp-block-group alignwide has-c-50-background-color has-background is-layout-flow wp-container-core-group-is-layout-2e522a6f wp-block-group-is-layout-flow\">\n<div class=\"wp-block-group is-layout-flow wp-block-group-is-layout-flow\">\n<div class=\"wp-block-columns is-layout-flex wp-container-core-columns-is-layout-794e3cfa wp-block-columns-is-layout-flex\">\n<div class=\"wp-block-column is-layout-flow wp-block-column-is-layout-flow\">\n<div class=\"wp-block-group is-content-justification-left is-nowrap is-layout-flex wp-container-core-group-is-layout-0b1ff286 wp-block-group-is-layout-flex\">\n<figure class=\"wp-block-image size-full\"><img loading=\"lazy\" decoding=\"async\" width=\"18\" height=\"20\" src=\"https:\/\/www.bridgepointtranslations.com\/wp-content\/uploads\/2025\/09\/red-ed.png\" alt=\"\" class=\"wp-image-233\"\/><\/figure>\n\n\n\n<p class=\"wp-block-paragraph\">Carga de archivos segura y cifrada<\/p>\n<\/div>\n<\/div>\n<\/div>\n<\/div>\n<\/div>\n<\/section>\n\n\n\n<div class=\"wp-block-group alignwide is-content-justification-center is-nowrap is-layout-flex wp-container-core-group-is-layout-003c2f7b wp-block-group-is-layout-flex\">\n<figure class=\"wp-block-image size-full\"><img loading=\"lazy\" decoding=\"async\" width=\"18\" height=\"20\" src=\"https:\/\/www.bridgepointtranslations.com\/wp-content\/uploads\/2025\/09\/red-ed.png\" alt=\"\" class=\"wp-image-233\"\/><\/figure>\n\n\n\n<p class=\"wp-block-paragraph\">Traducci\u00f3n de cualquier documento entre espa\u00f1ol, ingl\u00e9s y alem\u00e1n, en cualquier direcci\u00f3n<\/p>\n<\/div>\n\n\n\n<div style=\"height:36px\" aria-hidden=\"true\" class=\"wp-block-spacer\"><\/div>\n\n\n\n<p class=\"has-text-align-center wp-block-paragraph\">Ahora tambi\u00e9n ofrecemos servicios de traducci\u00f3n personal para citas m\u00e9dicas, fiscales o legales dentro del \u00e1rea de Torrevieja, exclusivamente entre las 16:30 y las 20:00 h.<br>Por favor, env\u00edanos un correo electr\u00f3nico para concertar una cita.<\/p>\n","protected":false},"excerpt":{"rendered":"<p>Traducci\u00f3n de documentos en ingl\u00e9s, espa\u00f1ol y alem\u00e1n Bridgepoint Translations \u2013 tu puente entre idiomas para todas tus necesidades de traducci\u00f3n de documentos legales, m\u00e9dicos y fiscales. Descubre nuestros servicios para una traducci\u00f3n de documentos f\u00e1cil y segura. Ofrecemos: Presupuestos gratuitos y sin compromiso \u2013 para solicitar un presupuesto, haz clic aqu\u00ed Traducci\u00f3n de muestra gratuita \u2013 haz clic aqu\u00ed Carga de archivos segura y cifrada Traducci\u00f3n de cualquier documento entre espa\u00f1ol, ingl\u00e9s y alem\u00e1n, en cualquier direcci\u00f3n Ahora tambi\u00e9n ofrecemos servicios de traducci\u00f3n personal para citas m\u00e9dicas, fiscales o legales dentro del \u00e1rea de Torrevieja, exclusivamente entre las 16:30 y [&hellip;]<\/p>\n","protected":false},"author":1,"featured_media":0,"parent":0,"menu_order":0,"comment_status":"closed","ping_status":"closed","template":"eng-page","meta":{"_crdt_document":"","footnotes":""},"class_list":["post-655","page","type-page","status-publish","hentry"],"_links":{"self":[{"href":"https:\/\/www.bridgepointtranslations.com\/index.php?rest_route=\/wp\/v2\/pages\/655","targetHints":{"allow":["GET"]}}],"collection":[{"href":"https:\/\/www.bridgepointtranslations.com\/index.php?rest_route=\/wp\/v2\/pages"}],"about":[{"href":"https:\/\/www.bridgepointtranslations.com\/index.php?rest_route=\/wp\/v2\/types\/page"}],"author":[{"embeddable":true,"href":"https:\/\/www.bridgepointtranslations.com\/index.php?rest_route=\/wp\/v2\/users\/1"}],"replies":[{"embeddable":true,"href":"https:\/\/www.bridgepointtranslations.com\/index.php?rest_route=%2Fwp%2Fv2%2Fcomments&post=655"}],"version-history":[{"count":3,"href":"https:\/\/www.bridgepointtranslations.com\/index.php?rest_route=\/wp\/v2\/pages\/655\/revisions"}],"predecessor-version":[{"id":690,"href":"https:\/\/www.bridgepointtranslations.com\/index.php?rest_route=\/wp\/v2\/pages\/655\/revisions\/690"}],"wp:attachment":[{"href":"https:\/\/www.bridgepointtranslations.com\/index.php?rest_route=%2Fwp%2Fv2%2Fmedia&parent=655"}],"curies":[{"name":"wp","href":"https:\/\/api.w.org\/{rel}","templated":true}]}}