{"id":449,"date":"2025-10-24T06:47:23","date_gmt":"2025-10-24T05:47:23","guid":{"rendered":"https:\/\/www.bridgepointtranslations.com\/?page_id=449"},"modified":"2025-11-18T09:18:01","modified_gmt":"2025-11-18T09:18:01","slug":"contactanos-es","status":"publish","type":"page","link":"https:\/\/www.bridgepointtranslations.com\/?page_id=449","title":{"rendered":"Cont\u00e1ctanos"},"content":{"rendered":"\n<div style=\"height:34px\" aria-hidden=\"true\" class=\"wp-block-spacer\"><\/div>\n\n\n\n<h3 class=\"wp-block-heading has-text-align-center\">Nos encantar\u00eda saber de ti!<\/h3>\n\n\n\n<p class=\"wp-block-paragraph\">Tanto si tienes una consulta general sobre nuestros servicios como si necesitas un presupuesto de traducci\u00f3n, no dudes en ponerte en contacto con nosotros en cualquier momento.<\/p>\n\n\n\n<p class=\"wp-block-paragraph\">Si deseas solicitar un presupuesto para un documento concreto, te agradecer\u00edamos que incluyeras la mayor cantidad de informaci\u00f3n posible, como por ejemplo:<\/p>\n\n\n\n<ul class=\"wp-block-list\">\n<li>El tipo de documento (por ejemplo, m\u00e9dico, t\u00e9cnico, jur\u00eddico, etc.)<\/li>\n\n\n\n<li>El n\u00famero de p\u00e1ginas que deseas traducir<\/li>\n\n\n\n<li>El formato (por ejemplo, PDF, Word) y el idioma de destino que necesitas<\/li>\n<\/ul>\n\n\n\n<p class=\"wp-block-paragraph\">Tambi\u00e9n puedes utilizar nuestra opci\u00f3n segura de carga de archivos para enviarnos tu documento directamente y recibir un presupuesto.<br>Puedes estar tranquilo: todos los archivos se tratan con el m\u00e1ximo nivel de confidencialidad y seguridad. Los originales se eliminan de forma permanente una vez finalizado tu proyecto, o de inmediato si decides no continuar con nuestros servicios.<br>Nunca conservamos tus documentos m\u00e1s tiempo del estrictamente necesario.<\/p>\n\n\n\n<p class=\"wp-block-paragraph\">Tenga en cuenta que, si su documento no es adecuado para nuestra carga est\u00e1ndar, estaremos encantados de ofrecerle un portal seguro y totalmente encriptado para subir archivos. Le enviaremos un enlace privado donde podr\u00e1 arrastrar y soltar sus documentos f\u00e1cilmente. Solo tiene que ponerse en contacto con nosotros para obtener acceso.<\/p>\n\n\n\n<p class=\"has-text-align-center wp-block-paragraph\">Formulario de contacto<\/p>\n\n\n\n<div style=\"height:12px\" aria-hidden=\"true\" class=\"wp-block-spacer\"><\/div>\n\n\n\n<div class=\"wpcf7 no-js\" id=\"wpcf7-f454-o1\" lang=\"en-GB\" dir=\"ltr\" data-wpcf7-id=\"454\">\n<div class=\"screen-reader-response\"><p role=\"status\" aria-live=\"polite\" aria-atomic=\"true\"><\/p> <ul><\/ul><\/div>\n<form action=\"\/index.php?rest_route=%2Fwp%2Fv2%2Fpages%2F449#wpcf7-f454-o1\" method=\"post\" class=\"wpcf7-form init\" aria-label=\"Contact form\" enctype=\"multipart\/form-data\" novalidate=\"novalidate\" data-status=\"init\">\n<fieldset class=\"hidden-fields-container\"><input type=\"hidden\" name=\"_wpcf7\" value=\"454\" \/><input type=\"hidden\" name=\"_wpcf7_version\" value=\"6.1.4\" \/><input type=\"hidden\" name=\"_wpcf7_locale\" value=\"en_GB\" \/><input type=\"hidden\" name=\"_wpcf7_unit_tag\" value=\"wpcf7-f454-o1\" \/><input type=\"hidden\" name=\"_wpcf7_container_post\" value=\"0\" \/><input type=\"hidden\" name=\"_wpcf7_posted_data_hash\" value=\"\" \/><input type=\"hidden\" name=\"_wpcf7_recaptcha_response\" value=\"\" \/>\n<\/fieldset>\n<p><label> Tu nombre<br \/>\n<span class=\"wpcf7-form-control-wrap\" data-name=\"your-name\"><input size=\"40\" maxlength=\"400\" class=\"wpcf7-form-control wpcf7-text wpcf7-validates-as-required\" autocomplete=\"name\" aria-required=\"true\" aria-invalid=\"false\" value=\"\" type=\"text\" name=\"your-name\" \/><\/span> <\/label>\n<\/p>\n<p><label> Tu correo electr\u00f3nico<br \/>\n<span class=\"wpcf7-form-control-wrap\" data-name=\"your-email\"><input size=\"40\" maxlength=\"400\" class=\"wpcf7-form-control wpcf7-email wpcf7-validates-as-required wpcf7-text wpcf7-validates-as-email\" autocomplete=\"email\" aria-required=\"true\" aria-invalid=\"false\" value=\"\" type=\"email\" name=\"your-email\" \/><\/span> <\/label>\n<\/p>\n<p><label> Nombre de la empresa (si procede)<br \/>\n<span class=\"wpcf7-form-control-wrap\" data-name=\"your-company\"><input size=\"40\" maxlength=\"400\" class=\"wpcf7-form-control wpcf7-text\" aria-invalid=\"false\" value=\"\" type=\"text\" name=\"your-company\" \/><\/span><br \/>\n<\/label>\n<\/p>\n<p><label> Asunto<br \/>\n<span class=\"wpcf7-form-control-wrap\" data-name=\"your-subject\"><input size=\"40\" maxlength=\"400\" class=\"wpcf7-form-control wpcf7-text wpcf7-validates-as-required\" aria-required=\"true\" aria-invalid=\"false\" value=\"\" type=\"text\" name=\"your-subject\" \/><\/span> <\/label>\n<\/p>\n<p><label> Tu mensaje<br \/>\n<span class=\"wpcf7-form-control-wrap\" data-name=\"your-message\"><textarea cols=\"40\" rows=\"10\" maxlength=\"2000\" class=\"wpcf7-form-control wpcf7-textarea\" aria-invalid=\"false\" name=\"your-message\"><\/textarea><\/span> <\/label>\n<\/p>\n<p><label> Subir archivo (optional: DOC, DOCX, ODT, PDF only, max 5MB)<br \/>\n<span class=\"wpcf7-form-control-wrap\" data-name=\"your-file\"><input size=\"40\" class=\"wpcf7-form-control wpcf7-file\" accept=\".doc,.docx,.odt,.pdf\" aria-invalid=\"false\" type=\"file\" name=\"your-file\" \/><\/span><br \/>\n<\/label>\n<\/p>\n<p><input class=\"wpcf7-form-control wpcf7-submit has-spinner\" type=\"submit\" value=\"Enviar\" \/>\n<\/p><div class=\"wpcf7-response-output\" aria-hidden=\"true\"><\/div>\n<\/form>\n<\/div>\n\n\n\n\n<p class=\"wp-block-paragraph\"><\/p>\n","protected":false},"excerpt":{"rendered":"<p>Nos encantar\u00eda saber de ti! Tanto si tienes una consulta general sobre nuestros servicios como si necesitas un presupuesto de traducci\u00f3n, no dudes en ponerte en contacto con nosotros en cualquier momento. Si deseas solicitar un presupuesto para un documento concreto, te agradecer\u00edamos que incluyeras la mayor cantidad de informaci\u00f3n posible, como por ejemplo: Tambi\u00e9n puedes utilizar nuestra opci\u00f3n segura de carga de archivos para enviarnos tu documento directamente y recibir un presupuesto.Puedes estar tranquilo: todos los archivos se tratan con el m\u00e1ximo nivel de confidencialidad y seguridad. Los originales se eliminan de forma permanente una vez finalizado tu proyecto, o [&hellip;]<\/p>\n","protected":false},"author":1,"featured_media":0,"parent":0,"menu_order":0,"comment_status":"closed","ping_status":"closed","template":"eng-page","meta":{"_crdt_document":"","footnotes":""},"class_list":["post-449","page","type-page","status-publish","hentry"],"_links":{"self":[{"href":"https:\/\/www.bridgepointtranslations.com\/index.php?rest_route=\/wp\/v2\/pages\/449","targetHints":{"allow":["GET"]}}],"collection":[{"href":"https:\/\/www.bridgepointtranslations.com\/index.php?rest_route=\/wp\/v2\/pages"}],"about":[{"href":"https:\/\/www.bridgepointtranslations.com\/index.php?rest_route=\/wp\/v2\/types\/page"}],"author":[{"embeddable":true,"href":"https:\/\/www.bridgepointtranslations.com\/index.php?rest_route=\/wp\/v2\/users\/1"}],"replies":[{"embeddable":true,"href":"https:\/\/www.bridgepointtranslations.com\/index.php?rest_route=%2Fwp%2Fv2%2Fcomments&post=449"}],"version-history":[{"count":6,"href":"https:\/\/www.bridgepointtranslations.com\/index.php?rest_route=\/wp\/v2\/pages\/449\/revisions"}],"predecessor-version":[{"id":723,"href":"https:\/\/www.bridgepointtranslations.com\/index.php?rest_route=\/wp\/v2\/pages\/449\/revisions\/723"}],"wp:attachment":[{"href":"https:\/\/www.bridgepointtranslations.com\/index.php?rest_route=%2Fwp%2Fv2%2Fmedia&parent=449"}],"curies":[{"name":"wp","href":"https:\/\/api.w.org\/{rel}","templated":true}]}}