{"id":400,"date":"2025-10-24T08:49:03","date_gmt":"2025-10-24T07:49:03","guid":{"rendered":"https:\/\/www.bridgepointtranslations.com\/?page_id=400"},"modified":"2025-12-12T07:29:37","modified_gmt":"2025-12-12T07:29:37","slug":"startseite-de","status":"publish","type":"page","link":"https:\/\/www.bridgepointtranslations.com\/?page_id=400","title":{"rendered":"Willkommen bei Bridgepoint"},"content":{"rendered":"\n<section class=\"wp-block-group alignfull is-style-default is-layout-flow wp-block-group-is-layout-flow\" style=\"margin-top:0;margin-bottom:0;padding-top:0;padding-bottom:0\">\n<p class=\"has-text-align-center is-style-text-subtitle is-style-text-subtitle--1 wp-block-paragraph\">\u00dcbersetzungen von englischen, spanischen und deutschen Dokumenten<\/p>\n\n\n\n<div style=\"height:34px\" aria-hidden=\"true\" class=\"wp-block-spacer\"><\/div>\n\n\n\n<figure class=\"wp-block-image aligncenter size-full is-resized\"><img loading=\"lazy\" decoding=\"async\" width=\"1408\" height=\"481\" src=\"https:\/\/www.bridgepointtranslations.com\/wp-content\/uploads\/2025\/12\/ban1.png\" alt=\"\" class=\"wp-image-727\" style=\"aspect-ratio:2.927308911826216;width:1232px;height:auto\" srcset=\"https:\/\/www.bridgepointtranslations.com\/wp-content\/uploads\/2025\/12\/ban1.png 1408w, https:\/\/www.bridgepointtranslations.com\/wp-content\/uploads\/2025\/12\/ban1-300x102.png 300w, https:\/\/www.bridgepointtranslations.com\/wp-content\/uploads\/2025\/12\/ban1-1024x350.png 1024w, https:\/\/www.bridgepointtranslations.com\/wp-content\/uploads\/2025\/12\/ban1-768x262.png 768w\" sizes=\"auto, (max-width: 1408px) 100vw, 1408px\" \/><\/figure>\n<\/section>\n\n\n\n<section class=\"wp-block-group alignfull is-style-default has-global-padding is-layout-constrained wp-block-group-is-layout-constrained\" style=\"margin-top:0;margin-bottom:0;padding-top:var(--wp--preset--spacing--120);padding-bottom:var(--wp--preset--spacing--120)\">\n<div class=\"wp-block-group alignwide has-c-50-background-color has-background is-layout-flow wp-container-core-group-is-layout-2e522a6f wp-block-group-is-layout-flow\">\n<div class=\"wp-block-group is-layout-flow wp-block-group-is-layout-flow\">\n<div style=\"height:8px\" aria-hidden=\"true\" class=\"wp-block-spacer\"><\/div>\n\n\n\n<p class=\"has-text-align-center wp-block-paragraph\"><strong>Bridgepoint Translations<\/strong> \u2013 Ihre Br\u00fccke zwischen Sprachen f\u00fcr alle Ihre juristischen, medizinischen und steuerlichen Dokumente.<\/p>\n\n\n\n<div class=\"wp-block-columns is-layout-flex wp-container-core-columns-is-layout-10853416 wp-block-columns-is-layout-flex\">\n<div class=\"wp-block-column is-layout-flow wp-block-column-is-layout-flow\">\n<h2 class=\"wp-block-heading has-text-align-center is-style-text-title-2 is-style-default\" style=\"margin-right:var(--wp--preset--spacing--30);margin-left:var(--wp--preset--spacing--30)\">Entdecken Sie unsere Dienstleistungen f\u00fcr eine einfache und zuverl\u00e4ssige Dokument\u00fcbersetzung.<\/h2>\n\n\n\n<div style=\"height:11px\" aria-hidden=\"true\" class=\"wp-block-spacer\"><\/div>\n<\/div>\n<\/div>\n<\/div>\n<\/div>\n<\/section>\n\n\n\n<section class=\"wp-block-group alignwide is-style-default is-layout-flow wp-block-group-is-layout-flow\" style=\"margin-top:0;margin-bottom:0;padding-top:var(--wp--preset--spacing--120);padding-bottom:var(--wp--preset--spacing--120)\">\n<figure class=\"wp-block-image alignright size-full is-resized\"><img loading=\"lazy\" decoding=\"async\" width=\"537\" height=\"358\" src=\"https:\/\/www.bridgepointtranslations.com\/wp-content\/uploads\/2025\/09\/Copilot_20250901_215653.png\" alt=\"\" class=\"wp-image-221\" style=\"aspect-ratio:1.500021823578194;width:380px;height:auto\" srcset=\"https:\/\/www.bridgepointtranslations.com\/wp-content\/uploads\/2025\/09\/Copilot_20250901_215653.png 537w, https:\/\/www.bridgepointtranslations.com\/wp-content\/uploads\/2025\/09\/Copilot_20250901_215653-300x200.png 300w\" sizes=\"auto, (max-width: 537px) 100vw, 537px\" \/><\/figure>\n\n\n\n<h3 class=\"wp-block-heading has-text-align-left\"><strong>Wir bieten:<\/strong><\/h3>\n\n\n\n<p class=\"wp-block-paragraph\"><\/p>\n<\/section>\n\n\n\n<section class=\"wp-block-group alignwide is-style-default has-global-padding is-layout-constrained wp-block-group-is-layout-constrained\" style=\"margin-top:0;margin-bottom:0;padding-top:var(--wp--preset--spacing--120);padding-bottom:var(--wp--preset--spacing--120)\">\n<div class=\"wp-block-group alignwide is-nowrap is-layout-flex wp-container-core-group-is-layout-3a88641f wp-block-group-is-layout-flex\">\n<figure class=\"wp-block-image size-full\"><img loading=\"lazy\" decoding=\"async\" width=\"18\" height=\"20\" src=\"https:\/\/www.bridgepointtranslations.com\/wp-content\/uploads\/2025\/09\/red-ed.png\" alt=\"\" class=\"wp-image-233\"\/><\/figure>\n\n\n\n<p class=\"wp-block-paragraph\">Kostenlose, unverbindliche Angebote \u2013 um ein Angebot anzufordern, klicken Sie hier<\/p>\n<\/div>\n\n\n\n<div class=\"wp-block-group alignwide is-nowrap is-layout-flex wp-container-core-group-is-layout-40af6500 wp-block-group-is-layout-flex\">\n<figure class=\"wp-block-image size-full\"><img loading=\"lazy\" decoding=\"async\" width=\"18\" height=\"20\" src=\"https:\/\/www.bridgepointtranslations.com\/wp-content\/uploads\/2025\/09\/red-ed.png\" alt=\"\" class=\"wp-image-233\"\/><\/figure>\n\n\n\n<p class=\"wp-block-paragraph\">Kostenlose Probe\u00fcbersetzung \u2013 klicken Sie hier<\/p>\n<\/div>\n\n\n\n<div class=\"wp-block-group alignwide has-c-50-background-color has-background is-layout-flow wp-container-core-group-is-layout-2e522a6f wp-block-group-is-layout-flow\">\n<div class=\"wp-block-group is-layout-flow wp-block-group-is-layout-flow\">\n<div class=\"wp-block-columns is-layout-flex wp-container-core-columns-is-layout-794e3cfa wp-block-columns-is-layout-flex\">\n<div class=\"wp-block-column is-layout-flow wp-block-column-is-layout-flow\">\n<div class=\"wp-block-group is-content-justification-left is-nowrap is-layout-flex wp-container-core-group-is-layout-0b1ff286 wp-block-group-is-layout-flex\">\n<figure class=\"wp-block-image size-full\"><img loading=\"lazy\" decoding=\"async\" width=\"18\" height=\"20\" src=\"https:\/\/www.bridgepointtranslations.com\/wp-content\/uploads\/2025\/09\/red-ed.png\" alt=\"\" class=\"wp-image-233\"\/><\/figure>\n\n\n\n<p class=\"wp-block-paragraph\">Sichere, verschl\u00fcsselte Datei-Uploads<\/p>\n<\/div>\n<\/div>\n<\/div>\n<\/div>\n<\/div>\n<\/section>\n\n\n\n<div class=\"wp-block-group alignwide is-content-justification-right is-nowrap is-layout-flex wp-container-core-group-is-layout-28451039 wp-block-group-is-layout-flex\">\n<figure class=\"wp-block-image size-full\"><img loading=\"lazy\" decoding=\"async\" width=\"18\" height=\"20\" src=\"https:\/\/www.bridgepointtranslations.com\/wp-content\/uploads\/2025\/09\/red-ed.png\" alt=\"\" class=\"wp-image-233\"\/><\/figure>\n\n\n\n<p class=\"wp-block-paragraph\">\u00dcbersetzungen aller Dokumente zwischen Spanisch, Englisch und Deutsch \u2013 in jede Richtung<\/p>\n<\/div>\n\n\n\n<div style=\"height:14px\" aria-hidden=\"true\" class=\"wp-block-spacer\"><\/div>\n\n\n\n<p class=\"has-text-align-center wp-block-paragraph\">Wir bieten jetzt auch pers\u00f6nliche \u00dcbersetzungsdienste f\u00fcr medizinische, steuerliche oder juristische Termine im Raum Torrevieja an, ausschlie\u00dflich zwischen 16:30 Uhr und 20:00 Uhr.<br>Bitte senden Sie uns eine E-Mail, um einen Termin zu vereinbaren.<\/p>\n","protected":false},"excerpt":{"rendered":"<p>\u00dcbersetzungen von englischen, spanischen und deutschen Dokumenten Bridgepoint Translations \u2013 Ihre Br\u00fccke zwischen Sprachen f\u00fcr alle Ihre juristischen, medizinischen und steuerlichen Dokumente. Entdecken Sie unsere Dienstleistungen f\u00fcr eine einfache und zuverl\u00e4ssige Dokument\u00fcbersetzung. Wir bieten: Kostenlose, unverbindliche Angebote \u2013 um ein Angebot anzufordern, klicken Sie hier Kostenlose Probe\u00fcbersetzung \u2013 klicken Sie hier Sichere, verschl\u00fcsselte Datei-Uploads \u00dcbersetzungen aller Dokumente zwischen Spanisch, Englisch und Deutsch \u2013 in jede Richtung Wir bieten jetzt auch pers\u00f6nliche \u00dcbersetzungsdienste f\u00fcr medizinische, steuerliche oder juristische Termine im Raum Torrevieja an, ausschlie\u00dflich zwischen 16:30 Uhr und 20:00 Uhr.Bitte senden Sie uns eine E-Mail, um einen Termin zu vereinbaren.<\/p>\n","protected":false},"author":1,"featured_media":0,"parent":0,"menu_order":0,"comment_status":"closed","ping_status":"closed","template":"deu-page","meta":{"_crdt_document":"","footnotes":""},"class_list":["post-400","page","type-page","status-publish","hentry"],"_links":{"self":[{"href":"https:\/\/www.bridgepointtranslations.com\/index.php?rest_route=\/wp\/v2\/pages\/400","targetHints":{"allow":["GET"]}}],"collection":[{"href":"https:\/\/www.bridgepointtranslations.com\/index.php?rest_route=\/wp\/v2\/pages"}],"about":[{"href":"https:\/\/www.bridgepointtranslations.com\/index.php?rest_route=\/wp\/v2\/types\/page"}],"author":[{"embeddable":true,"href":"https:\/\/www.bridgepointtranslations.com\/index.php?rest_route=\/wp\/v2\/users\/1"}],"replies":[{"embeddable":true,"href":"https:\/\/www.bridgepointtranslations.com\/index.php?rest_route=%2Fwp%2Fv2%2Fcomments&post=400"}],"version-history":[{"count":8,"href":"https:\/\/www.bridgepointtranslations.com\/index.php?rest_route=\/wp\/v2\/pages\/400\/revisions"}],"predecessor-version":[{"id":728,"href":"https:\/\/www.bridgepointtranslations.com\/index.php?rest_route=\/wp\/v2\/pages\/400\/revisions\/728"}],"wp:attachment":[{"href":"https:\/\/www.bridgepointtranslations.com\/index.php?rest_route=%2Fwp%2Fv2%2Fmedia&parent=400"}],"curies":[{"name":"wp","href":"https:\/\/api.w.org\/{rel}","templated":true}]}}