{"id":321,"date":"2025-09-09T19:03:09","date_gmt":"2025-09-09T18:03:09","guid":{"rendered":"https:\/\/www.bridgepointtranslations.com\/?page_id=321"},"modified":"2025-10-26T16:54:49","modified_gmt":"2025-10-26T16:54:49","slug":"what-we-do-de","status":"publish","type":"page","link":"https:\/\/www.bridgepointtranslations.com\/?page_id=321","title":{"rendered":"Unsere Leistungen"},"content":{"rendered":"\n<div style=\"height:84px\" aria-hidden=\"true\" class=\"wp-block-spacer\"><\/div>\n\n\n\n<figure class=\"wp-block-image alignwide size-medium\" style=\"margin-top:var(--wp--preset--spacing--50);margin-bottom:var(--wp--preset--spacing--50)\"><img loading=\"lazy\" decoding=\"async\" width=\"300\" height=\"206\" src=\"https:\/\/www.bridgepointtranslations.com\/wp-content\/uploads\/2025\/10\/tRANSLATION-assistance-2-300x206.png\" alt=\"\" class=\"wp-image-476\" srcset=\"https:\/\/www.bridgepointtranslations.com\/wp-content\/uploads\/2025\/10\/tRANSLATION-assistance-2-300x206.png 300w, https:\/\/www.bridgepointtranslations.com\/wp-content\/uploads\/2025\/10\/tRANSLATION-assistance-2.png 713w\" sizes=\"auto, (max-width: 300px) 100vw, 300px\" \/><\/figure>\n\n\n\n<div class=\"wp-block-columns alignwide is-layout-flex wp-container-core-columns-is-layout-794e3cfa wp-block-columns-is-layout-flex\">\n<div class=\"wp-block-column is-layout-flow wp-block-column-is-layout-flow\" style=\"flex-basis:100%\">\n<p class=\"is-style-text-subtitle has-text-color has-link-color wp-elements-38de603cb6ce6ad5368376ae58ca7dd3 is-style-text-subtitle--1 wp-block-paragraph\" style=\"color:#210606f7\">Willkommen!<\/p>\n\n\n\n<p class=\"wp-block-paragraph\">Auch wenn wir mit \u00dcbersetzungen nicht neu sind, sind wir im Internet noch neu \u2013 deshalb ein herzliches Willkommen auf unserer neuen Webseite!<\/p>\n\n\n\n<p class=\"wp-block-paragraph\">Wir bieten \u00dcbersetzungsdienste f\u00fcr Dokumente zwischen Spanisch, Englisch und Deutsch in alle Richtungen an. Dabei legen wir gro\u00dfen Wert auf die Bedeutung, die Details und die feinen Nuancen jedes Textes \u2013 sei es medizinisch, finanziell, juristisch oder technisch.<\/p>\n\n\n\n<h2 class=\"wp-block-heading\">Preise<\/h2>\n\n\n\n<p class=\"wp-block-paragraph\">Unsere Honorare sind wettbewerbsf\u00e4hig und entsprechen den Branchenstandards. Da wir jedoch eine gro\u00dfe Vielfalt an Dokumenttypen abdecken \u2013 von einem einfachen Beschwerdebrief bis hin zu einer ausf\u00fchrlichen technischen Anleitung \u2013 pr\u00fcfen wir jedes Dokument individuell.<\/p>\n\n\n\n<p class=\"wp-block-paragraph\">Unsere \u00dcbersetzer sehen sich Ihr Dokument gerne an, um Ihnen ein Angebot zu erstellen. F\u00fcllen Sie dazu einfach das Formular auf unserer Kontaktseite aus, geben Sie eine kurze Beschreibung des Dokuments an oder laden Sie eine Beispielseite \u00fcber unsere sichere IT-Upload-Funktion hoch. Wir melden uns dann mit einem individuellen Angebot bei Ihnen.<\/p>\n\n\n\n<h2 class=\"wp-block-heading\">Vor-Ort-\u00dcbersetzungen<\/h2>\n\n\n\n<p class=\"wp-block-paragraph\">Wir k\u00f6nnen nun begrenzte pers\u00f6nliche \u00dcbersetzungen f\u00fcr medizinische oder juristische Termine anbieten, jedoch nur im Raum Torrevieja, zwischen 16:00 und 20:00 Uhr, von Montag bis Samstag.<\/p>\n<\/div>\n<\/div>\n\n\n\n<div class=\"wp-block-group is-nowrap is-layout-flex wp-container-core-group-is-layout-3a88641f wp-block-group-is-layout-flex\"><\/div>\n","protected":false},"excerpt":{"rendered":"<p>Willkommen! Auch wenn wir mit \u00dcbersetzungen nicht neu sind, sind wir im Internet noch neu \u2013 deshalb ein herzliches Willkommen auf unserer neuen Webseite! Wir bieten \u00dcbersetzungsdienste f\u00fcr Dokumente zwischen Spanisch, Englisch und Deutsch in alle Richtungen an. Dabei legen wir gro\u00dfen Wert auf die Bedeutung, die Details und die feinen Nuancen jedes Textes \u2013 sei es medizinisch, finanziell, juristisch oder technisch. Preise Unsere Honorare sind wettbewerbsf\u00e4hig und entsprechen den Branchenstandards. Da wir jedoch eine gro\u00dfe Vielfalt an Dokumenttypen abdecken \u2013 von einem einfachen Beschwerdebrief bis hin zu einer ausf\u00fchrlichen technischen Anleitung \u2013 pr\u00fcfen wir jedes Dokument individuell. Unsere \u00dcbersetzer sehen [&hellip;]<\/p>\n","protected":false},"author":1,"featured_media":0,"parent":0,"menu_order":0,"comment_status":"closed","ping_status":"closed","template":"deu-page","meta":{"_crdt_document":"","footnotes":""},"class_list":["post-321","page","type-page","status-publish","hentry"],"_links":{"self":[{"href":"https:\/\/www.bridgepointtranslations.com\/index.php?rest_route=\/wp\/v2\/pages\/321","targetHints":{"allow":["GET"]}}],"collection":[{"href":"https:\/\/www.bridgepointtranslations.com\/index.php?rest_route=\/wp\/v2\/pages"}],"about":[{"href":"https:\/\/www.bridgepointtranslations.com\/index.php?rest_route=\/wp\/v2\/types\/page"}],"author":[{"embeddable":true,"href":"https:\/\/www.bridgepointtranslations.com\/index.php?rest_route=\/wp\/v2\/users\/1"}],"replies":[{"embeddable":true,"href":"https:\/\/www.bridgepointtranslations.com\/index.php?rest_route=%2Fwp%2Fv2%2Fcomments&post=321"}],"version-history":[{"count":6,"href":"https:\/\/www.bridgepointtranslations.com\/index.php?rest_route=\/wp\/v2\/pages\/321\/revisions"}],"predecessor-version":[{"id":679,"href":"https:\/\/www.bridgepointtranslations.com\/index.php?rest_route=\/wp\/v2\/pages\/321\/revisions\/679"}],"wp:attachment":[{"href":"https:\/\/www.bridgepointtranslations.com\/index.php?rest_route=%2Fwp%2Fv2%2Fmedia&parent=321"}],"curies":[{"name":"wp","href":"https:\/\/api.w.org\/{rel}","templated":true}]}}