{"id":209,"date":"2025-09-01T22:03:32","date_gmt":"2025-09-01T21:03:32","guid":{"rendered":"https:\/\/www.bridgepointtranslations.com\/?page_id=209"},"modified":"2025-10-26T17:28:19","modified_gmt":"2025-10-26T17:28:19","slug":"what-we-do-es","status":"publish","type":"page","link":"https:\/\/www.bridgepointtranslations.com\/?page_id=209","title":{"rendered":"Qu\u00e9 Hacemos"},"content":{"rendered":"\n<div style=\"height:19px\" aria-hidden=\"true\" class=\"wp-block-spacer\"><\/div>\n\n\n\n<figure class=\"wp-block-image alignwide size-medium\" style=\"margin-top:var(--wp--preset--spacing--50);margin-bottom:var(--wp--preset--spacing--50)\"><img loading=\"lazy\" decoding=\"async\" width=\"300\" height=\"206\" src=\"https:\/\/www.bridgepointtranslations.com\/wp-content\/uploads\/2025\/10\/tRANSLATION-assistance-2-300x206.png\" alt=\"\" class=\"wp-image-476\" srcset=\"https:\/\/www.bridgepointtranslations.com\/wp-content\/uploads\/2025\/10\/tRANSLATION-assistance-2-300x206.png 300w, https:\/\/www.bridgepointtranslations.com\/wp-content\/uploads\/2025\/10\/tRANSLATION-assistance-2.png 713w\" sizes=\"auto, (max-width: 300px) 100vw, 300px\" \/><\/figure>\n\n\n\n<div class=\"wp-block-columns alignwide is-layout-flex wp-container-core-columns-is-layout-794e3cfa wp-block-columns-is-layout-flex\">\n<div class=\"wp-block-column is-layout-flow wp-block-column-is-layout-flow\" style=\"flex-basis:100%\">\n<p class=\"is-style-text-subtitle has-text-color has-link-color wp-elements-179816beb03a5ee5c6817836cce28c8e is-style-text-subtitle--1 wp-block-paragraph\" style=\"color:#210606f7\">Aunque no somos nuevos en el mundo de la traducci\u00f3n, s\u00ed somos nuevos en la web, \u00a1as\u00ed que damos la bienvenida a todos a nuestra nueva p\u00e1gina web!<\/p>\n\n\n\n<p class=\"wp-block-paragraph\">Ofrecemos servicios de traducci\u00f3n de documentos entre espa\u00f1ol, ingl\u00e9s y alem\u00e1n, en cualquier direcci\u00f3n, prestando una atenci\u00f3n minuciosa al significado, los matices y los detalles de cada texto, ya sea m\u00e9dico, fiscal, legal o t\u00e9cnico.<\/p>\n\n\n\n<h2 class=\"wp-block-heading\">Precios<\/h2>\n\n\n\n<p class=\"wp-block-paragraph\">Todas nuestras tarifas son competitivas y acordes con los est\u00e1ndares del sector, pero dado que cubrimos una gran variedad de tipos de documentos \u2014desde una carta de reclamaci\u00f3n hasta un completo manual t\u00e9cnico\u2014 preferimos evaluar cada documento de forma individual.<br>Nuestros traductores estar\u00e1n encantados de revisar tu documento para ofrecerte un presupuesto.<br>Simplemente completa el formulario en nuestra p\u00e1gina de contacto, incluyendo una breve descripci\u00f3n del documento o sube una muestra a trav\u00e9s de nuestra aplicaci\u00f3n segura de carga de archivos cifrada, y te responderemos con un presupuesto.<\/p>\n\n\n\n<h2 class=\"wp-block-heading\">Traducciones presenciales<\/h2>\n\n\n\n<p class=\"wp-block-paragraph\">Ahora tambi\u00e9n podemos ofrecer traducciones presenciales limitadas para citas m\u00e9dicas o legales, exclusivamente en el \u00e1rea local de Torrevieja, entre las 16:00 y las 20:00 horas, de lunes a s\u00e1bado.<\/p>\n<\/div>\n<\/div>\n\n\n\n<div style=\"height:25px\" aria-hidden=\"true\" class=\"wp-block-spacer\"><\/div>\n","protected":false},"excerpt":{"rendered":"<p>Aunque no somos nuevos en el mundo de la traducci\u00f3n, s\u00ed somos nuevos en la web, \u00a1as\u00ed que damos la bienvenida a todos a nuestra nueva p\u00e1gina web! Ofrecemos servicios de traducci\u00f3n de documentos entre espa\u00f1ol, ingl\u00e9s y alem\u00e1n, en cualquier direcci\u00f3n, prestando una atenci\u00f3n minuciosa al significado, los matices y los detalles de cada texto, ya sea m\u00e9dico, fiscal, legal o t\u00e9cnico. Precios Todas nuestras tarifas son competitivas y acordes con los est\u00e1ndares del sector, pero dado que cubrimos una gran variedad de tipos de documentos \u2014desde una carta de reclamaci\u00f3n hasta un completo manual t\u00e9cnico\u2014 preferimos evaluar cada documento [&hellip;]<\/p>\n","protected":false},"author":1,"featured_media":0,"parent":0,"menu_order":0,"comment_status":"closed","ping_status":"closed","template":"eng-page","meta":{"_crdt_document":"","footnotes":""},"class_list":["post-209","page","type-page","status-publish","hentry"],"_links":{"self":[{"href":"https:\/\/www.bridgepointtranslations.com\/index.php?rest_route=\/wp\/v2\/pages\/209","targetHints":{"allow":["GET"]}}],"collection":[{"href":"https:\/\/www.bridgepointtranslations.com\/index.php?rest_route=\/wp\/v2\/pages"}],"about":[{"href":"https:\/\/www.bridgepointtranslations.com\/index.php?rest_route=\/wp\/v2\/types\/page"}],"author":[{"embeddable":true,"href":"https:\/\/www.bridgepointtranslations.com\/index.php?rest_route=\/wp\/v2\/users\/1"}],"replies":[{"embeddable":true,"href":"https:\/\/www.bridgepointtranslations.com\/index.php?rest_route=%2Fwp%2Fv2%2Fcomments&post=209"}],"version-history":[{"count":14,"href":"https:\/\/www.bridgepointtranslations.com\/index.php?rest_route=\/wp\/v2\/pages\/209\/revisions"}],"predecessor-version":[{"id":478,"href":"https:\/\/www.bridgepointtranslations.com\/index.php?rest_route=\/wp\/v2\/pages\/209\/revisions\/478"}],"wp:attachment":[{"href":"https:\/\/www.bridgepointtranslations.com\/index.php?rest_route=%2Fwp%2Fv2%2Fmedia&parent=209"}],"curies":[{"name":"wp","href":"https:\/\/api.w.org\/{rel}","templated":true}]}}